{"id":12,"date":"2024-11-16T19:17:45","date_gmt":"2024-11-16T18:17:45","guid":{"rendered":"http:\/\/localhost\/toledobjetivo%20wordpress\/?page_id=12"},"modified":"2025-06-25T19:57:12","modified_gmt":"2025-06-25T17:57:12","slug":"nuestra-historia","status":"publish","type":"page","link":"https:\/\/toledobjetivo.org\/","title":{"rendered":"Nuestro objetivo"},"content":{"rendered":"\t\t<div data-elementor-type=\"wp-page\" data-elementor-id=\"12\" class=\"elementor elementor-12\">\n\t\t\t\t<div class=\"elementor-element elementor-element-2fb1648 e-flex e-con-boxed e-con e-parent\" data-id=\"2fb1648\" data-element_type=\"container\" data-e-type=\"container\">\n\t\t\t\t\t<div class=\"e-con-inner\">\n\t\t\t\t<div class=\"elementor-element elementor-element-ef150c1 elementor-invisible elementor-widget elementor-widget-text-editor\" data-id=\"ef150c1\" data-element_type=\"widget\" data-e-type=\"widget\" data-settings=\"{&quot;_animation&quot;:&quot;fadeInDown&quot;}\" data-widget_type=\"text-editor.default\">\n\t\t\t\t<div class=\"elementor-widget-container\">\n\t\t\t\t\t\t\t\t\t<h1>\u201cObjetivos para TOLEDO\u201d<\/h1>\n<h3>MANUEL MART\u00cdNEZ<\/h3>\n<p><strong>Toledo desde la noche de los tiempos, caracterizado por ser una ciudad hegem\u00f3nica para sus poblaciones, manteniendo una solvencia total en cualquiera de sus estamentos: social, cultural, pol\u00edticos y religiosos.<\/strong><\/p>\n<p><strong style=\"letter-spacing: 0px;\">Ya desde las Edades de Piedra y del Bronce, con el desarrollo de la etnia Carpetana, hasta su m\u00e1ximo exponente, en los primeros d\u00edas de la invasi\u00f3n \u00e1rabe, se constitu\u00eda una numerosa colonia a escasos metros de la actual Ciudad Imperial, al otro lado del R\u00edo Tajo: el conocido Cerro del B\u00fa, al que una de sus leyendas lo identifica como el Cerro de Belceb\u00fa o m\u00e1s com\u00fan como el Cerro del Diablo.<\/strong><\/p>\n<p><strong>Est\u00e1bamos por aquel entonces en terreno prerromano o visigodo, con ramificaciones de las etnias indoeuropeas entre las tres que ten\u00edan su presencia en Hispania, a\u00fan sin esa denominaci\u00f3n en aquella \u00e9poca.<\/strong><\/p>\n<p><strong>Inmediatamente vendr\u00eda la derrota de los visigodos y el dominio por la invasi\u00f3n \u00e1rabe de la vieja piel de toro de la Hispania romana. Setecientos a\u00f1os pasar\u00edan los invasores \u00e1rabes en la pen\u00ednsula ib\u00e9rica.<\/strong><\/p>\n<p><strong>Toledo, entonces Tolaytol\u00e1, en fase de final de creaci\u00f3n, fue sitiada y conquistada posteriormente nada menos que por el Califa cordob\u00e9s Abderram\u00e1n III, de la dinast\u00eda de los Omeyas que ejerci\u00f3 el poder, primero en Damasco y despu\u00e9s en Al \u00c1ndalus, con capital en C\u00f3rdoba.<\/strong><\/p>\n<p><strong>El Cerro del B\u00fa, tuvo su protagonismo ya que el propio Abderram\u00e1n III, estableci\u00f3 en el cerro, su lugar estrat\u00e9gico para el asedio de Toledo -desde 930 al 932, asedio que result\u00f3 infructuoso hasta la primera toma de la ciudad por huestes de las taifas extreme\u00f1as del Emir Al-Mutawakkil ibn al-Aftas, casi medio siglo despu\u00e9s.<\/strong><\/p>\n<p><strong>Aparte de seguras \u00e9pocas de esplendor de la Ciudad en esos tiempos, cuando realmente TOLEDO escribi\u00f3, vivi\u00e9ndolo, su gran destino en la Historia, fue a partir de la \u00abtoma\u00bb por fuerzas realistas leales a Carlos I en el a\u00f1o 1521 que junto a su hijo y descendiente Felipe II, constituir\u00eda el inmenso Imperio Espa\u00f1ol, que abarcaba desde las tierras del Nuevo Mundo, reci\u00e9n descubierto, tres decenios antes, y hasta lugares de Asia y la Islas Filipinas, haciendo realidad la frase de ese Siglo de Oro, de que en \u201cEspa\u00f1a no se pone el Sol\u201d.&nbsp;<\/strong><\/p>\n<p><strong>Andando los siglos, henos aqu\u00ed en el XXI de todos ellos, y con sociedades que sufrieron, disfrutaron, sobrevivieron, desaparecieron, remontaron, volvieron a caer, y as\u00ed, en un zigzag vital hasta nuestros d\u00edas con situaciones ganadas y otras mejorables. De estas \u00faltimas, son de la que intentaremos hacernos cargo para anunciar su presencia y colaborar con todos en su promoci\u00f3n y desarrollo pr\u00e1ctico ideal. En eso estamos y para ir enumerando con su ayuda todos los objetivos mejorables por y para Toledo.<\/strong><\/p>\t\t\t\t\t\t\t\t<\/div>\n\t\t\t\t<\/div>\n\t\t\t\t\t<\/div>\n\t\t\t\t<\/div>\n\t\t<div class=\"elementor-element elementor-element-56136e4 e-con-full e-flex e-con e-parent\" data-id=\"56136e4\" data-element_type=\"container\" data-e-type=\"container\" data-settings=\"{&quot;background_background&quot;:&quot;classic&quot;}\">\n\t\t\t\t<div class=\"elementor-element elementor-element-c4113c0 elementor-widget elementor-widget-image\" data-id=\"c4113c0\" data-element_type=\"widget\" data-e-type=\"widget\" data-widget_type=\"image.default\">\n\t\t\t\t<div class=\"elementor-widget-container\">\n\t\t\t\t\t\t\t\t\t\t\t\t<figure class=\"wp-caption\">\n\t\t\t\t\t\t\t\t\t\t<img fetchpriority=\"high\" decoding=\"async\" width=\"1024\" height=\"812\" src=\"https:\/\/toledobjetivo.org\/wp-content\/uploads\/2025\/06\/cerro-Bu-1024x812.jpg\" class=\"attachment-large size-large wp-image-157\" alt=\"\" srcset=\"https:\/\/toledobjetivo.org\/wp-content\/uploads\/2025\/06\/cerro-Bu-1024x812.jpg 1024w, https:\/\/toledobjetivo.org\/wp-content\/uploads\/2025\/06\/cerro-Bu-300x238.jpg 300w, https:\/\/toledobjetivo.org\/wp-content\/uploads\/2025\/06\/cerro-Bu-768x609.jpg 768w, https:\/\/toledobjetivo.org\/wp-content\/uploads\/2025\/06\/cerro-Bu.jpg 1476w\" sizes=\"(max-width: 1024px) 100vw, 1024px\" \/>\t\t\t\t\t\t\t\t\t\t\t<figcaption class=\"widget-image-caption wp-caption-text\">Izquierda Cerro del B\u00fa. Centro R\u00edo Tajo. Derecha Carreras de San Sebasti\u00e1n<\/figcaption>\n\t\t\t\t\t\t\t\t\t\t<\/figure>\n\t\t\t\t\t\t\t\t\t<\/div>\n\t\t\t\t<\/div>\n\t\t\t\t<\/div>\n\t\t\t\t<\/div>\n\t\t","protected":false},"excerpt":{"rendered":"<p>\u201cObjetivos para TOLEDO\u201d MANUEL MART\u00cdNEZ Toledo desde la noche de los tiempos, caracterizado por ser una ciudad hegem\u00f3nica para sus poblaciones, manteniendo una solvencia total en cualquiera de sus estamentos: social, cultural, pol\u00edticos y religiosos. Ya desde las Edades de Piedra y del Bronce, con el desarrollo de la etnia Carpetana, hasta su m\u00e1ximo exponente,&hellip;&nbsp;<a href=\"https:\/\/toledobjetivo.org\/\" rel=\"bookmark\">Leer m\u00e1s &raquo;<span class=\"screen-reader-text\">Nuestro objetivo<\/span><\/a><\/p>\n","protected":false},"author":1,"featured_media":0,"parent":0,"menu_order":0,"comment_status":"closed","ping_status":"closed","template":"page-templates\/template-pagebuilder-full-width.php","meta":{"neve_meta_sidebar":"","neve_meta_container":"","neve_meta_enable_content_width":"off","neve_meta_content_width":100,"neve_meta_title_alignment":"","neve_meta_author_avatar":"","neve_post_elements_order":"","neve_meta_disable_header":"","neve_meta_disable_footer":"","neve_meta_disable_title":"","footnotes":""},"class_list":["post-12","page","type-page","status-publish","hentry"],"_links":{"self":[{"href":"https:\/\/toledobjetivo.org\/index.php\/wp-json\/wp\/v2\/pages\/12","targetHints":{"allow":["GET"]}}],"collection":[{"href":"https:\/\/toledobjetivo.org\/index.php\/wp-json\/wp\/v2\/pages"}],"about":[{"href":"https:\/\/toledobjetivo.org\/index.php\/wp-json\/wp\/v2\/types\/page"}],"author":[{"embeddable":true,"href":"https:\/\/toledobjetivo.org\/index.php\/wp-json\/wp\/v2\/users\/1"}],"replies":[{"embeddable":true,"href":"https:\/\/toledobjetivo.org\/index.php\/wp-json\/wp\/v2\/comments?post=12"}],"version-history":[{"count":23,"href":"https:\/\/toledobjetivo.org\/index.php\/wp-json\/wp\/v2\/pages\/12\/revisions"}],"predecessor-version":[{"id":226,"href":"https:\/\/toledobjetivo.org\/index.php\/wp-json\/wp\/v2\/pages\/12\/revisions\/226"}],"wp:attachment":[{"href":"https:\/\/toledobjetivo.org\/index.php\/wp-json\/wp\/v2\/media?parent=12"}],"curies":[{"name":"wp","href":"https:\/\/api.w.org\/{rel}","templated":true}]}}